{"id":4342,"date":"2025-10-10T18:42:40","date_gmt":"2025-10-10T11:42:40","guid":{"rendered":"https:\/\/110cities.com\/?page_id=4342"},"modified":"2025-10-10T19:13:37","modified_gmt":"2025-10-10T12:13:37","slug":"discipleship-and-prayer","status":"publish","type":"page","link":"https:\/\/110cities.com\/de\/discipleship-and-prayer\/","title":{"rendered":"J\u00fcngerschaft und Gebet"},"content":{"rendered":"<div class=\"wp-block-buttons is-layout-flex wp-block-buttons-is-layout-flex\">\n<div class=\"wp-block-button\"><a class=\"wp-block-button__link wp-element-button\" href=\"https:\/\/110cities.com\/wp-content\/uploads\/2025\/10\/Discipleship-and-Prayer-Dr-Jason-Hubbard.pdf\" target=\"_blank\" rel=\"noreferrer noopener\">DIESEN ARTIKEL HERUNTERLADEN (ENGLISCHES PDF)<\/a><\/div>\n<\/div>\n\n\n\n<div style=\"height:20px\" aria-hidden=\"true\" class=\"wp-block-spacer\"><\/div>\n\n\n\n<p>Montag 20<sup>th<\/sup> Im Oktober 2025 feiern wir unser 3.<sup>rd<\/sup> j\u00e4hrlich <a href=\"https:\/\/110cities.com\/de\/hindu-day-of-prayer\/\"><strong>Globaler Gebetstag f\u00fcr die hinduistische Welt<\/strong><\/a>.<\/p>\n\n\n\n<p>Untersuchungen zeigen, dass 80 Prozent der Hindus, Buddhisten und Muslime keinen einzigen Christen kennen. Mit rund 1,25 Milliarden Hindus weltweit ist der Hinduismus die drittgr\u00f6\u00dfte Religion \u2013 allein in Indien leben 1 Milliarde Hindus!&nbsp;<\/p>\n\n\n<div class=\"wp-block-image\">\n<figure class=\"alignright size-full is-resized\"><img loading=\"lazy\" decoding=\"async\" width=\"313\" height=\"313\" src=\"https:\/\/110cities.com\/wp-content\/uploads\/2025\/10\/image002.jpg\" alt=\"\" class=\"wp-image-4345\" style=\"width:372px;height:auto\" srcset=\"https:\/\/110cities.com\/wp-content\/uploads\/2025\/10\/image002.jpg 313w, https:\/\/110cities.com\/wp-content\/uploads\/2025\/10\/image002-150x150.jpg 150w, https:\/\/110cities.com\/wp-content\/uploads\/2025\/10\/image002-12x12.jpg 12w\" sizes=\"auto, (max-width: 313px) 100vw, 313px\" \/><\/figure>\n<\/div>\n\n\n<p>Da Jesus uns berufen hat, alle V\u00f6lker zu J\u00fcngern zu machen, steht uns eine gewaltige Aufgabe bevor, die mit Gebet beginnen muss! Wenn Gebet die Vertrautheit mit Gott ist \u2013 der gespr\u00e4chige Teil der wichtigsten Liebesbeziehung in unserem Leben \u2013, dann ist das Ziel des Gebets die Erf\u00fcllung seiner Ziele!&nbsp;<\/p>\n\n\n\n<p>Gott hat beschlossen, seine Ziele durch die Gebete seines Volkes zu erreichen. Er hat das Gebet als den Kanal bestimmt, durch den er seinen Willen ausf\u00fchrt.<\/p>\n\n\n\n<p><strong>Einer der Schl\u00fcssel zum wirksamen Beten ist das Beten f\u00fcr die Erf\u00fcllung des Missionsbefehls! <\/strong>&nbsp;<\/p>\n\n\n\n<p>Die Bibel legt gro\u00dfen Wert auf die Rolle des Gebets im Missionsbefehl. Der Begriff \u201eMissionsbefehl\u201c bezieht sich auf Jesu letzten Auftrag an seine J\u00fcnger (und damit an die Kirche als Ganzes), w\u00e4hrend er physisch auf der Erde weilte. Wir m\u00f6chten beten, dass jeder Mensch und jede Familie \u00fcberall auf der Welt durch die Kraft und Gegenwart des Heiligen Geistes eine authentische Begegnung mit dem Herrn Jesus Christus hat! Und Jesus sagte deutlich, dass der wirksamste Weg, dies zu erreichen \u2013 die Verk\u00fcndigung des Evangeliums vom Reich Gottes in aller Welt \u2013 darin besteht, alle V\u00f6lker zu J\u00fcngern zu machen!&nbsp;<\/p>\n\n\n\n<p>Jesus befahl seinen J\u00fcngern, vom Berg Arbel aus \u2013 dem h\u00f6chsten Berg Galil\u00e4as \u2013 alle V\u00f6lker zu seinen J\u00fcngern zu machen. Im Matth\u00e4usevangelium hei\u00dft es, dass Jesus nach seiner Auferstehung seinen J\u00fcngern befahl, auf den Berg in Galil\u00e4a zu gehen.<\/p>\n\n\n\n<p>An einem klaren Tag kann man vom Gipfel des Arbel kilometerweit blicken. Im Norden sieht man den Gipfel des Hermon, des h\u00f6chsten Berges Israels, der die Grenze zwischen dem Libanon, Syrien und Israel \u00fcberragt. Im Osten sind die Golanh\u00f6hen zu sehen, die schwarze Bergkette aus Basaltgestein, die Israel von den L\u00e4ndern Syrien und Jordanien trennt. Im S\u00fcden sieht man das fruchtbare Ackerland des Jesreel-Tals, das sich wie ein Flickenteppich \u00fcber den Boden erstreckt, bis es die sanften H\u00fcgel Samarias erreicht. Und im Westen erstreckt sich die K\u00fcstenebene neben der antiken Stadt Caesarea Maritima, der antiken Hafenstadt, die von K\u00f6nig Herodes erbaut wurde und von der aus der Apostel Paulus nach Rom segelte und das Evangelium mit in den Westen nahm.<\/p>\n\n\n\n<p><strong>Jesus hatte eine Vision - <\/strong>eine Vision f\u00fcr eine globale Multiplikationsbewegung.<strong>&nbsp;<\/strong><\/p>\n\n\n\n<p><strong>Er forderte seine J\u00fcnger nicht nur dazu auf, \u201eJ\u00fcnger zu machen\u201c, sondern J\u00fcnger zu machen, die sich vermehren!<\/strong><\/p>\n\n\n\n<p><a href=\"https:\/\/youtu.be\/aKK9eAyr2H0\" target=\"_blank\" rel=\"noopener\"><strong>Sehen Sie sich dieses Video an! \u2013 Die Macht der Multiplikation<\/strong><\/a><\/p>\n\n\n\n<figure class=\"wp-block-embed is-type-video is-provider-youtube wp-block-embed-youtube wp-embed-aspect-16-9 wp-has-aspect-ratio\"><div class=\"wp-block-embed__wrapper\">\n<iframe loading=\"lazy\" title=\"Die Macht der Multiplikation\" width=\"500\" height=\"281\" src=\"https:\/\/www.youtube.com\/embed\/aKK9eAyr2H0?feature=oembed\" frameborder=\"0\" allow=\"accelerometer; autoplay; clipboard-write; encrypted-media; gyroscope; picture-in-picture; web-share\" referrerpolicy=\"strict-origin-when-cross-origin\" allowfullscreen><\/iframe>\n<\/div><\/figure>\n\n\n\n<p><strong>Matth\u00e4us 28:18-20<\/strong>\u201eMir ist gegeben alle Gewalt im Himmel und auf Erden. Darum geht zu allen V\u00f6lkern und macht alle Menschen zu meinen J\u00fcngern; tauft sie auf den Namen des Vaters und des Sohnes und des Heiligen Geistes und lehrt sie, alles zu befolgen, was ich euch geboten habe. Und siehe, ich bin bei euch alle Tage bis an der Welt Ende.\u201c<\/p>\n\n\n\n<p>In dieser Passage sehen wir zun\u00e4chst, dass Jesus die Autorit\u00e4t \u00fcbertragen wird, und am Ende den zweiten Teil: \u201eIch bin bei euch alle Tage bis an der Welt Ende.\u201c<\/p>\n\n\n<div class=\"wp-block-image\">\n<figure class=\"alignright size-full is-resized\"><img loading=\"lazy\" decoding=\"async\" width=\"331\" height=\"331\" src=\"https:\/\/110cities.com\/wp-content\/uploads\/2025\/10\/image004.jpg\" alt=\"\" class=\"wp-image-4349\" style=\"width:373px;height:auto\" srcset=\"https:\/\/110cities.com\/wp-content\/uploads\/2025\/10\/image004.jpg 331w, https:\/\/110cities.com\/wp-content\/uploads\/2025\/10\/image004-150x150.jpg 150w, https:\/\/110cities.com\/wp-content\/uploads\/2025\/10\/image004-12x12.jpg 12w\" sizes=\"auto, (max-width: 331px) 100vw, 331px\" \/><\/figure>\n<\/div>\n\n\n<p>Wir konzentrieren uns oft auf das Gehen, auf das Gewinnen von J\u00fcngern, auf das Taufen oder Lehren oder auf die Mechanismen der Gemeindegr\u00fcndung \u2013 doch die Worte Jesu beginnen und enden bei ihm selbst \u2013 bei seiner Autorit\u00e4t und seiner Gegenwart!<\/p>\n\n\n\n<p>Jesus ist die zentrale Person und der brennende Kern des gro\u00dfen Auftrags \u2013 und wir verbinden uns mit ihm \u2013 seiner Autorit\u00e4t und seiner Gegenwart \u2013 durch das Gebet!<\/p>\n\n\n\n<p>Das Gebet ist der wichtigste Weg, den Gott uns geschenkt hat, um das Wichtigste im Blick zu behalten \u2013 Jesus selbst im Mittelpunkt! Jesus hat alle Autorit\u00e4t und er ist mit uns \u2013 das ist der Anfang und das Ende des Missionsbefehls!<\/p>\n\n\n\n<p><strong>Was ist die Definition eines J\u00fcngers?<\/strong><br>Das Wort J\u00fcnger bedeutet w\u00f6rtlich \u201eAnh\u00e4nger eines Meisters\u201c. Zur Zeit Christi war ein J\u00fcnger nicht einfach ein Sch\u00fcler eines gro\u00dfen Lehrers (Rabbiners), sondern ein Lehrling oder Nachahmer. Jesus rief seine ersten J\u00fcnger dazu auf, ihm zu folgen und die Dinge zu tun, die er tat, und die Dinge zu sagen, die er sagte!<\/p>\n\n\n\n<p>Eine einfache Definition eines J\u00fcngers w\u00e4re jemand, der zu Jesus gekommen ist, um ewiges Leben zu erlangen, ihn als Erl\u00f6ser und Gott anerkannt hat und begonnen hat, ihm in seinem Leben zu folgen.<\/p>\n\n\n\n<p>Ein J\u00fcnger ist jemand, der Gott liebt, die Menschen liebt und J\u00fcnger macht, die sich vermehren!&nbsp;<\/p>\n\n\n\n<h2 class=\"wp-block-heading\">Die 3 Kennzeichen eines J\u00fcngers:<\/h2>\n\n\n\n<p>Wir m\u00f6chten J\u00fcnger sein und J\u00fcnger machen, die es wert sind, weitergef\u00fchrt zu werden. Und laut Jesus gibt es drei Merkmale eines J\u00fcngers:<\/p>\n\n\n\n<h3 class=\"wp-block-heading\">1. Bleibt im Wort Gottes, Johannes 8:31-32<\/h3>\n\n\n\n<p>\u201eWenn ihr in meinem Wort bleibt, seid ihr wahrhaftig meine J\u00fcnger, <sup>&nbsp;<\/sup>und ihr werdet die Wahrheit erkennen, und die Wahrheit wird euch frei machen.\u201c<\/p>\n\n\n\n<p>Das Gebet ist das Lebenselixier eines J\u00fcngers Jesu! Jesus machte deutlich, dass das H\u00f6ren auf ihn \u2013 das Bleiben in seinem Wort \u2013 der wichtigste Aspekt des Gebets ist. Das Wort Bleiben bedeutet <strong><em>\u00fcbrig<\/em><\/strong> in st\u00e4ndiger Gemeinschaft und Beziehung.&nbsp;<br><br>Das Gebet ist der Gespr\u00e4chsteil der wichtigsten Liebesbeziehung in unserem Leben!&nbsp;<\/p>\n\n\n\n<h3 class=\"wp-block-heading\">2. Liebt, wie Jesus liebt, Johannes 13:34-35<\/h3>\n\n\n\n<p>Ein neues Gebot gebe ich euch, dass ihr einander liebt, damit auch ihr einander liebt, so wie ich euch geliebt habe. Daran werden alle erkennen, dass ihr meine J\u00fcnger seid: wenn ihr einander liebt.<\/p>\n\n\n\n<p>Eine der wichtigsten Arten, wie wir lieben, wie Jesus liebt, ist, f\u00fcreinander zu beten! Wir bitten Gott, f\u00fcr sie zu tun, was sie nicht selbst tun k\u00f6nnen!<\/p>\n\n\n\n<h3 class=\"wp-block-heading\">3. Tr\u00e4gt Fr\u00fcchte, Johannes 15:7-8<\/h3>\n\n\n\n<p>Wenn ihr in mir bleibt und meine Worte in euch bleiben, dann k\u00f6nnt ihr bitten, was ihr wollt, und es wird euch zuteilwerden. Mein Vater wird dadurch verherrlicht, dass ihr reiche Frucht bringt und meine J\u00fcnger werdet.<\/p>\n\n\n\n<p>Laut Jesus bringen wir Frucht, indem wir im Gebet verharren und bitten. Dadurch wird der Vater verherrlicht und wir erweisen uns als seine J\u00fcnger. &nbsp;<\/p>\n\n\n\n<p>Einer der Schl\u00fcssel zur Erf\u00fcllung des Missionsbefehls besteht darin, zum Herrn der Ernte zu beten, dass Arbeiter ausgesandt werden!<\/p>\n\n\n\n<p>Er sagte zu ihnen: \u201eDie Ernte ist wahrlich <em>Ist<\/em> gro\u00dfartig, aber die Arbeiter <em>Sind<\/em> wenige; bittet daher den Herrn der Ernte, Arbeiter f\u00fcr seine Ernte auszusenden\u201c (Lukas 10:2).<\/p>\n\n\n\n<p>Das in diesem Zusammenhang verwendete Wort f\u00fcr Gebet ist <em>deomai<\/em>, was verzweifeltes Gebet bedeutet! Jesus sagte, die Ernte ist gro\u00df, aber es gibt nur wenige Arbeiter. Beten Sie deshalb \u2013 beten Sie inbr\u00fcnstig, beten Sie mit Verzweiflung!<\/p>\n\n\n\n<p>Als Arbeiter gehen wir hinaus, um das Evangelium vom K\u00f6nigreich zu verk\u00fcnden. Oft sto\u00dfen wir dabei auf Widerstand. Der Teufel hat geistliche Festungen \u00fcber V\u00f6lker, St\u00e4dte und Nationen errichtet. Paulus sagt uns, dass uns Waffen gegeben wurden, um Festungen zu zerst\u00f6ren und Durchbr\u00fcche zu erleben. (2. Korinther 10,4-5)<\/p>\n\n\n\n<h2 class=\"wp-block-heading\">Kraft im Beten des Wortes<\/h2>\n\n\n\n<p>Eine der m\u00e4chtigsten Waffen ist Gottes Wort, das Schwert des Geistes. Paulus befiehlt uns in Epheser 6, standhaft zu bleiben, die Waffenr\u00fcstung des Glaubens anzulegen und dann sein Wort im Gebet zu verbreiten, indem wir zu allen Zeiten f\u00fcr alle V\u00f6lker mit allen Arten von Gebeten beten (Eph. 6,10-19).&nbsp;<\/p>\n\n\n\n<p>Wir beten zuerst und erkl\u00e4ren die \u00dcberlegenheit Jesu \u00fcber V\u00f6lker und Regionen. &nbsp;<\/p>\n\n\n\n<p>Im Gebet bitten wir den Vater, den Feind, die F\u00fcrstent\u00fcmer und M\u00e4chte, die den Geist der Ungl\u00e4ubigen verblendet haben, zu binden und zur\u00fcckzuhalten.<\/p>\n\n\n\n<p><strong>Wir beten f\u00fcr offene T\u00fcren, offene Himmel, offene Stra\u00dfen und offene G\u00e4nge, damit das Evangelium verbreitet werden kann!<\/strong><\/p>\n\n\n\n<p>Wir bitten den Herrn, die Blindheit zu beseitigen, die der Gott dieser Zeit \u00fcber die Ungl\u00e4ubigen gelegt hat, damit sie das Licht des Evangeliums im Angesicht Jesu sehen k\u00f6nnen!&nbsp;<\/p>\n\n\n\n<p>Wir bitten den Vater, uns vom B\u00f6sen zu befreien, so wie Jesus kam, um die Werke des Teufels zu zerst\u00f6ren<strong>.<\/strong> Wenn wir dem, der auf dem Thron sitzt, und dem Lamm unsere Anbetung und unseren Lobpreis darbringen, zerbricht seine Gegenwart und sein Licht in unserer Mitte die geistige Dunkelheit, und die Macht Gottes erl\u00f6st Familien aller Glaubensrichtungen auf der Erde, damit sie zu hingebungsvollen Nachfolgern Jesu Christi werden!<\/p>\n\n\n\n<figure class=\"wp-block-image size-full\"><img loading=\"lazy\" decoding=\"async\" width=\"1080\" height=\"720\" src=\"https:\/\/110cities.com\/wp-content\/uploads\/2025\/10\/Discipleship-and-Prayer-2.jpg\" alt=\"\" class=\"wp-image-4355\" srcset=\"https:\/\/110cities.com\/wp-content\/uploads\/2025\/10\/Discipleship-and-Prayer-2.jpg 1080w, https:\/\/110cities.com\/wp-content\/uploads\/2025\/10\/Discipleship-and-Prayer-2-350x233.jpg 350w, https:\/\/110cities.com\/wp-content\/uploads\/2025\/10\/Discipleship-and-Prayer-2-768x512.jpg 768w, https:\/\/110cities.com\/wp-content\/uploads\/2025\/10\/Discipleship-and-Prayer-2-18x12.jpg 18w\" sizes=\"auto, (max-width: 1080px) 100vw, 1080px\" \/><\/figure>\n\n\n\n<p>Wir haben seit den 90er Jahren bis heute eine gro\u00dfe Welle der Anbetung und der F\u00fcrbitten erlebt!<\/p>\n\n\n\n<p>Die globale Gebetsbewegung hat eine bemerkenswerte Beschleunigung erfahren \u2013 die Koreaner k\u00e4mpfen seit Jahrzehnten im Morgengebet, auf den Stra\u00dfen der ganzen Welt fanden M\u00e4rsche f\u00fcr Jesus statt, der Globale Gebetstag f\u00fcllte die Stadien, Menschen beteten auf Gebetswegen und beteten f\u00fcr einen Durchbruch in den wichtigsten St\u00e4dten der Welt, die indonesische Gebetsturmbewegung, die Leidenschaft und das Feuer lateinamerikanischer und s\u00fcdamerikanischer Gebetstreffen, die n\u00e4chtlichen Gebetswachen mit Fasten auf dem gesamten afrikanischen Kontinent, die m\u00fchevolle Gebetsbewegung in ganz China und vom Geist geleitete gemeinsame Gebetszeiten in ganz Indien, zusammen mit der neuen Form von Gebetsh\u00e4usern und Gottesh\u00e4usern, die in den Nationen explosionsartig entstehen, und heute beten seit 2022 jedes Jahr \u00fcber hundert Millionen Gl\u00e4ubige gemeinsam an vier globalen Gebetstagen!&nbsp;<\/p>\n\n\n\n<p>Und w\u00e4hrend dieser Zeit gab es erstaunliche Ergebnisse bei den Missionsbewegungen auf der ganzen Welt -<\/p>\n\n\n\n<p>Laut f\u00fchrenden Missionsforschern sind die J\u00fcnger und Gemeinden dieser Bewegungen exponentiell gewachsen, und zwar um erstaunliche 23 Prozent j\u00e4hrlich \u2013 viel schneller als die Weltbev\u00f6lkerung. Die Gesamtzahl der J\u00fcnger dieser Bewegungen verdoppelt sich alle 3,5 Jahre \u2013 ein Beweis f\u00fcr die Kraft der g\u00f6ttlichen Vermehrung durch Gebet.<\/p>\n\n\n<div class=\"wp-block-image\">\n<figure class=\"alignright size-full is-resized\"><img loading=\"lazy\" decoding=\"async\" width=\"231\" height=\"346\" src=\"https:\/\/110cities.com\/wp-content\/uploads\/2025\/10\/image007.jpg\" alt=\"\" class=\"wp-image-4353\" style=\"width:300px;height:auto\" srcset=\"https:\/\/110cities.com\/wp-content\/uploads\/2025\/10\/image007.jpg 231w, https:\/\/110cities.com\/wp-content\/uploads\/2025\/10\/image007-8x12.jpg 8w\" sizes=\"auto, (max-width: 231px) 100vw, 231px\" \/><\/figure>\n<\/div>\n\n\n<h3 class=\"wp-block-heading\">Dieses globale Wachstum erfolgte in vier verschiedenen Phasen:<\/h3>\n\n\n\n<ul class=\"wp-block-list\">\n<li>Von 1995 bis 2000 \u2013 von 10.000 auf \u00fcber 100.000 Sch\u00fcler<\/li>\n\n\n\n<li>Von 2000 bis 2005 \u2013 von 100.000 auf \u00fcber 1 Million J\u00fcnger<\/li>\n\n\n\n<li>Von 2005 bis 2015 - von 1 Million auf \u00fcber 10 Millionen<\/li>\n\n\n\n<li>Von 2015 bis 2024 \u2013 die Zahl \u00fcberstieg 100 Millionen<\/li>\n<\/ul>\n\n\n\n<p>W\u00e4hrend in den Nationen das Christus verherrlichende, auf der Bibel basierende, von der Anbetung gen\u00e4hrte, vom Geist geleitete und von der Liebe motivierte Gebet zunimmt, werden mehr J\u00fcnger gewonnen, mehr Kirchen gegr\u00fcndet, mehr Bibeln \u00fcbersetzt, mehr Zeichen, Wunder und Wundertaten vollbracht und den Armen, Ausgegrenzten, Waisen und Witwen mehr Gerechtigkeit widerf\u00e4hrt!<\/p>\n\n\n\n<p>Also, auf der <a href=\"https:\/\/110cities.com\/de\/hindu-day-of-prayer\/\"><strong>Weltgebetstag f\u00fcr die hinduistische Welt<\/strong><\/a>, lasst uns unsere Gebete wie Weihrauch vor Gott erheben, der unermesslich mehr tun kann, als wir jemals erbitten oder uns auch nur vorstellen k\u00f6nnen, zu Seiner Ehre, zu unserer Freude und daf\u00fcr, dass die Massen in der ganzen Hindu-Welt zur rettenden Erkenntnis von Jesus gelangen!&nbsp;<\/p>\n\n\n\n<p><strong>Dr. Jason Hubbard \u2013 Direktor<br><\/strong><a href=\"https:\/\/www.linktr.ee\/ipcprayer\" target=\"_blank\" rel=\"noopener\"><strong>Internationale Gebetsverbindung<\/strong><\/a><strong><\/strong><\/p>","protected":false},"excerpt":{"rendered":"<p>Am Montag, dem 20. Oktober 2025, findet unser dritter j\u00e4hrlicher globaler Gebetstag statt...<\/p>","protected":false},"author":3,"featured_media":0,"parent":0,"menu_order":0,"comment_status":"closed","ping_status":"closed","template":"","meta":{"_acf_changed":false,"footnotes":""},"class_list":["post-4342","page","type-page","status-publish","hentry"],"acf":[],"ams_acf":[],"_links":{"self":[{"href":"https:\/\/110cities.com\/de\/wp-json\/wp\/v2\/pages\/4342","targetHints":{"allow":["GET"]}}],"collection":[{"href":"https:\/\/110cities.com\/de\/wp-json\/wp\/v2\/pages"}],"about":[{"href":"https:\/\/110cities.com\/de\/wp-json\/wp\/v2\/types\/page"}],"author":[{"embeddable":true,"href":"https:\/\/110cities.com\/de\/wp-json\/wp\/v2\/users\/3"}],"replies":[{"embeddable":true,"href":"https:\/\/110cities.com\/de\/wp-json\/wp\/v2\/comments?post=4342"}],"version-history":[{"count":10,"href":"https:\/\/110cities.com\/de\/wp-json\/wp\/v2\/pages\/4342\/revisions"}],"predecessor-version":[{"id":4369,"href":"https:\/\/110cities.com\/de\/wp-json\/wp\/v2\/pages\/4342\/revisions\/4369"}],"wp:attachment":[{"href":"https:\/\/110cities.com\/de\/wp-json\/wp\/v2\/media?parent=4342"}],"curies":[{"name":"wp","href":"https:\/\/api.w.org\/{rel}","templated":true}]}}