{"id":2936,"date":"2024-01-08T14:32:33","date_gmt":"2024-01-08T07:32:33","guid":{"rendered":"https:\/\/new.110cities.net\/?page_id=2936"},"modified":"2026-01-23T16:46:10","modified_gmt":"2026-01-23T09:46:10","slug":"prayer-guide","status":"publish","type":"page","link":"https:\/\/110cities.com\/de\/prayer-guide\/","title":{"rendered":"Gebetsf\u00fchrer \u2013 24 Stunden Gebet f\u00fcr die buddhistische Welt 2024"},"content":{"rendered":"<p>Wir beten f\u00fcr Gospel-Bewegungen in diesen buddhistischen St\u00e4dten und Regionen, einschlie\u00dflich China. Gott setzt seine Macht als Antwort auf die Gebete seines Volkes frei! Im Buddhismus geht es um Erleuchtung. Bitten wir an diesem globalen Gebetstag den Herrn, den Schleier der Blindheit zu entfernen, der \u00fcber den Augen der Ungl\u00e4ubigen liegt, die im Buddhismus gefangen sind, damit sie das Licht des Evangeliums im Angesicht Jesu sehen k\u00f6nnen<br>Christus!<\/p>\n\n\n\n<p>2. Korinther 4:4, 6: \u201eDer Gott dieser Welt hat f\u00fcr sie den Sinn der Ungl\u00e4ubigen verblendet, um sie davon abzuhalten, das Licht des Evangeliums von der Herrlichkeit Christi zu sehen, der das Ebenbild Gottes ist\u2026 6 Denn Gott, der gesagt hat: \u201eLass Licht aus der Dunkelheit leuchten\u201c, hat in unseren Herzen geleuchtet, um das Licht der Erkenntnis der Herrlichkeit Gottes im Angesicht Jesu Christi zu geben.<\/p>\n\n\n\n<p>Auf 110Cities finden Sie spezifische Gebetspunkte f\u00fcr jede Stadt. Au\u00dferdem k\u00f6nnen Sie sich f\u00fcr jede Stadt, f\u00fcr die Sie beten, ein kurzes Gebetsvideo ansehen. Wir ermutigen Sie, \u00fcber diese St\u00e4dte zu recherchieren und f\u00fcr den \u201eDurchbruch\u201c zu beten, w\u00e4hrend der Herr Sie f\u00fchrt! Hier sind die St\u00e4dte und Regionen unten mit einigen Gebetspunkten!<\/p>\n\n\n\n<h2 class=\"wp-block-heading\">BETONUNG DES GEBETS<\/h2>\n\n\n<div class=\"wp-block-image\">\n<figure class=\"alignright size-full is-resized\"><img loading=\"lazy\" decoding=\"async\" width=\"600\" height=\"600\" src=\"https:\/\/110cities.com\/wp-content\/uploads\/2024\/01\/SocialMedia-V2.jpg\" alt=\"\" class=\"wp-image-2956\" style=\"width:392px;height:auto\" srcset=\"https:\/\/110cities.com\/wp-content\/uploads\/2024\/01\/SocialMedia-V2.jpg 600w, https:\/\/110cities.com\/wp-content\/uploads\/2024\/01\/SocialMedia-V2-350x350.jpg 350w, https:\/\/110cities.com\/wp-content\/uploads\/2024\/01\/SocialMedia-V2-150x150.jpg 150w, https:\/\/110cities.com\/wp-content\/uploads\/2024\/01\/SocialMedia-V2-12x12.jpg 12w\" sizes=\"auto, (max-width: 600px) 100vw, 600px\" \/><\/figure>\n<\/div>\n\n\n<p>Beten Sie, dass Jesus Christus in dieser Stadt erh\u00f6ht wird. Beten Sie daf\u00fcr, dass sein Name von allen V\u00f6lkern, St\u00e4mmen und Sprachen dieser Stadt offenbart, empfangen und verehrt wird. Psalm 110, Hab 2:14<\/p>\n\n\n\n<p>Beten Sie daf\u00fcr, dass Gottes K\u00f6nigreich kommt und sein Wille in dieser Stadt geschieht! Matt. 6:9-10<\/p>\n\n\n\n<p>Beten Sie zum Herrn der Ernte, dass er Arbeiter aussendet, um das Evangelium des K\u00f6nigreichs mit Demonstrationen von Macht und Liebe zu verk\u00fcnden! Beten Sie daf\u00fcr, dass f\u00fcr jeweils 1000 Menschen in dieser Stadt eine Hauskirche gegr\u00fcndet wird, die Christus verherrlicht! Lukas 10:2, Matth\u00e4us 16:18, Apostelgeschichte 4:29-31<\/p>\n\n\n\n<p>Beten Sie daf\u00fcr, dass die Bibel in die Herzenssprache aller Volksgruppen dieser Stadt \u00fcbersetzt wird. 2 Thess 3:1<\/p>\n\n\n\n<p>Nyaw \u2013 Thailand<br>Nordkoreanische Geb\u00e4rdensprache, Laopang \u2013 Laos<br>Miyakubo-Geb\u00e4rdensprache \u2013 Japan<\/p>\n\n\n\n<p>Beten Sie f\u00fcr die Ausgie\u00dfung des Heiligen Geistes auf alles Fleisch in dieser Stadt! Beten Sie, dass der Heilige Geist sie von der S\u00fcnde \u00fcberf\u00fchrt und ihnen zeigt, dass sie einen Retter brauchen, den es nur in Jesus Christus gibt. Beten Sie, dass Gott der Vater alle Menschen durch die Kraft des Kreuzes zu Christus zieht. Beten Sie um die G\u00fcte Gottes, die alle zur Reue f\u00fchrt. Apostelgeschichte 2:17, Johannes 16<\/p>\n\n\n\n<p>Beten Sie, dass Gott die M\u00e4chte der Dunkelheit \u00fcber diese Stadt bindet und zur\u00fcckh\u00e4lt und die Macht, Wahrheit und Liebe des Heiligen Geistes auf die Menschen dieser Stadt \u00fcbertr\u00e4gt! 2 Kor. 4:4-6, Matth\u00e4us 18:18-19<\/p>\n\n\n\n<p>Wir m\u00f6chten Sie einladen, sich mit uns zu konzentrieren, insbesondere wenn wir dieses Jahr f\u00fcr den Durchbruch des K\u00f6nigreichs in Pj\u00f6ngjang, Nordkorea, beten.<\/p>\n\n\n\n<h2 class=\"wp-block-heading\">GEBETSST\u00c4DTE<\/h2>\n\n\n\n<div class=\"wp-block-columns is-layout-flex wp-container-core-columns-is-layout-9d6595d7 wp-block-columns-is-layout-flex\">\n<div class=\"wp-block-column is-layout-flow wp-block-column-is-layout-flow\">\n<p>Bangkok, Thailand<br>Peking, China<br>Bhutan<br>Chengdu, China<br>Chongquing, China<br>Guangzhou, China<br>Hangzhou, China<br>Hanoi, Vietnam<\/p>\n<\/div>\n\n\n\n<div class=\"wp-block-column is-layout-flow wp-block-column-is-layout-flow\">\n<p>Ho-Chi-Minh-Stadt, Vietnam<br>HoHot, China<br>Kunming, China<br>Nanning, China<br>Phnom Pehn, Kambodscha<br>P&#039;yong Yang, Nordkorea<br>Shanghai, China<br>Shenyang, China<\/p>\n<\/div>\n\n\n\n<div class=\"wp-block-column is-layout-flow wp-block-column-is-layout-flow\">\n<p>Taiyuan, China<br>Tokyo, Japan<br>Ulaanbaatar, Mongolei<br>Vientiane, Laos<br>Wuhan, China<br>Xian, China<br>Xing, China<br>Yangon, Myanmar<\/p>\n<\/div>\n<\/div>\n\n\n\n<div class=\"wp-block-buttons is-layout-flex wp-block-buttons-is-layout-flex\">\n<div class=\"wp-block-button\"><a class=\"wp-block-button__link wp-element-button\" href=\"https:\/\/110cities.com\/wp-content\/uploads\/2026\/01\/GODP-2026-Web.pdf\" target=\"_blank\" rel=\"noreferrer noopener\">Laden Sie den Gebetsf\u00fchrer herunter<\/a><\/div>\n<\/div>","protected":false},"excerpt":{"rendered":"<p>Wir beten f\u00fcr die Evangeliumsbewegungen in diesen buddhistischen St\u00e4dten und Regionen, einschlie\u00dflich China \u2026<\/p>","protected":false},"author":19,"featured_media":2945,"parent":0,"menu_order":0,"comment_status":"closed","ping_status":"closed","template":"","meta":{"_acf_changed":false,"footnotes":""},"class_list":["post-2936","page","type-page","status-publish","has-post-thumbnail","hentry"],"acf":[],"ams_acf":[],"_links":{"self":[{"href":"https:\/\/110cities.com\/de\/wp-json\/wp\/v2\/pages\/2936","targetHints":{"allow":["GET"]}}],"collection":[{"href":"https:\/\/110cities.com\/de\/wp-json\/wp\/v2\/pages"}],"about":[{"href":"https:\/\/110cities.com\/de\/wp-json\/wp\/v2\/types\/page"}],"author":[{"embeddable":true,"href":"https:\/\/110cities.com\/de\/wp-json\/wp\/v2\/users\/19"}],"replies":[{"embeddable":true,"href":"https:\/\/110cities.com\/de\/wp-json\/wp\/v2\/comments?post=2936"}],"version-history":[{"count":13,"href":"https:\/\/110cities.com\/de\/wp-json\/wp\/v2\/pages\/2936\/revisions"}],"predecessor-version":[{"id":4540,"href":"https:\/\/110cities.com\/de\/wp-json\/wp\/v2\/pages\/2936\/revisions\/4540"}],"wp:featuredmedia":[{"embeddable":true,"href":"https:\/\/110cities.com\/de\/wp-json\/wp\/v2\/media\/2945"}],"wp:attachment":[{"href":"https:\/\/110cities.com\/de\/wp-json\/wp\/v2\/media?parent=2936"}],"curies":[{"name":"wp","href":"https:\/\/api.w.org\/{rel}","templated":true}]}}