{"id":214,"date":"2022-11-16T11:30:16","date_gmt":"2022-11-16T11:30:16","guid":{"rendered":"https:\/\/new.110cities.net\/?page_id=214"},"modified":"2024-08-15T00:52:24","modified_gmt":"2024-08-14T17:52:24","slug":"scriptures","status":"publish","type":"page","link":"https:\/\/110cities.com\/de\/scriptures\/","title":{"rendered":"Gebet Gehen Schriften"},"content":{"rendered":"<h3 class=\"has-color-4-color has-text-color wp-block-heading\">HERZVORBEREITUNG<\/h3>\n\n\n\n<p>VERPFLEGE deinen Weg dem Herrn, bitte den Geist, dich zu f\u00fchren<br>BESCH\u00dcTZE dich mit g\u00f6ttlichem Schutz Psalm 91:1-16<br>VERBINDE dich mit dem Heiligen Geist R\u00f6mer 8:26-27<\/p>\n\n\n\n<h3 class=\"has-color-4-color has-text-color wp-block-heading\">BETEN SIE DAS UNSER DES HERRN<\/h3>\n\n\n\n<p>Matth\u00e4us 6:9-10<\/p>\n\n\n\n<h3 class=\"has-color-4-color has-text-color wp-block-heading\">BEH\u00d6RDE:<\/h3>\n\n\n\n<p>\u00dcber allem die \u201eMacht des Feindes\u201c Lukas 10:19<br>Auf Gemeindedisziplin reagieren Matth\u00e4us 18:15-20<br>Botschafter der Vers\u00f6hnung in Evangelisation und J\u00fcngerschaft sein Matth\u00e4us 28:19, 2 Kor. 5:18-20<br>Beim Lehren der Evangeliumswahrheit Titus 2:15<br>D\u00e4monen aufdecken und austreiben 2 Kor. 4:4-6<br>\u201eStreit, o Herr \u2026\u201c Psalm 35:1 ESV<br>Es gibt niemanden wie dich. Jeremia 10:6-7 NKJV<\/p>\n\n\n\n<h3 class=\"has-color-4-color has-text-color wp-block-heading\">VORHERRSCHAFT CHRISTUS \u00dcBER JEDE STADT!<\/h3>\n\n\n\n<p>Psalm 110:1-7 NKJV<br>Psalm 24:1 NKJV<br>Habakuk 2:14 NKJV<br>Maleachi 1:11 NKJV<br>Psalm 22:27 NKJV<br>Psalm 67:1-7 NKJV<br>Matth\u00e4us 28:18 NKJV<br>Daniel 7:13-14 NKJV<br>Offenbarung 5:12 NKJV<br>Kolosser 1:15\u201318 NKJV<\/p>\n\n\n\n<h3 class=\"has-color-4-color has-text-color wp-block-heading\">GOTTES REICH KOMMT IN JEDE STADT!<\/h3>\n\n\n\n<p>Matth\u00e4us 6:9-10 NKJV<br>Offenbarung 1:5 NKJV<br>Jeremia 29:7 ESV<br>Jesaja 9:2,6-7 NKJV<\/p>\n\n\n\n<h3 class=\"has-color-4-color has-text-color wp-block-heading\">AUSGUSS &amp; \u00dcBERZEUGUNG<\/h3>\n\n\n\n<p>Apostelgeschichte 2:16-17 NKJV<br>Jesaja 64:1\u20132 NKJV<br>Psalm 144:5\u20138 LUT<br>Johannes 16:8\u201311 NKJV<\/p>\n\n\n\n<h3 class=\"has-color-4-color has-text-color wp-block-heading\">VATER, UM SEINEM SOHN DIE NATIONEN ZU GEBEN\u2026<\/h3>\n\n\n\n<p>Psalm 2:6\u20138 NKJV<\/p>\n\n\n\n<h3 class=\"has-color-4-color has-text-color wp-block-heading\">SENDE ARBEITER AUS!<\/h3>\n\n\n\n<p>Matth\u00e4us 9:35\u201338 NKJV<\/p>\n\n\n\n<h3 class=\"has-color-4-color has-text-color wp-block-heading\">\u00d6FFNE EINE T\u00dcR F\u00dcR DAS EVANGELIUM IN JEDER STADT!<\/h3>\n\n\n\n<p>Kolosser 4:2\u20134 LUT<\/p>\n\n\n\n<h3 class=\"has-color-4-color has-text-color wp-block-heading\">BESEITIGE DIE BLINDHEIT<\/h3>\n\n\n\n<p>2 Korinther 4:4 LUT<\/p>\n\n\n\n<h3 class=\"has-color-4-color has-text-color wp-block-heading\">BINDE DIE PRINZIPIEN UND M\u00c4CHTE DER DUNKELHEIT<\/h3>\n\n\n\n<p>Matth\u00e4us 18:18\u201320 NKJV<br>Matth\u00e4us 12:28\u201329 NKJV<br>1 Johannes 3:8 NKJV<br>Kolosser 2:15 NKJV<br>Lukas 10:19\u201320 NKJV<\/p>\n\n\n\n<h3 class=\"has-color-4-color has-text-color wp-block-heading\">\u00dcBERWINDUNG HOHER DUNKELHEIT<\/h3>\n\n\n\n<p>Epheser 3:10<br>Offenbarung empfangen Eph. 1:1-23<br>Einheit durch das Kreuz empfangen Eph. 2:13-22<br>In Liebe leben, durch den Geist. Eph. 3:14-20<br>Demut annehmen Eph. 4:1-6<br>In Reinheit wandeln Eph. 4:20-6:9<br>Gegen hohe Dunkelheit stehend Eph. 6:10-20<\/p>\n\n\n\n<h3 class=\"has-color-4-color has-text-color wp-block-heading\">IMPERATIVE F\u00dcR EINE GEMEINDE, ORGANISATION ODER STADT-GOSPEL-BEWEGUNG<\/h3>\n\n\n\n<p>Eph. 5:8-14, 2 Kor. 10:3-5, Eph. 6:18, Eph 5:8-11, Eph 6:19-20<\/p>\n\n\n\n<h3 class=\"has-color-4-color has-text-color wp-block-heading\">IMPERATIVE F\u00dcR DAS LEBEN IN EINER AUTHENTISCHEN K\u00d6NIGREICH-GEMEINSCHAFT<\/h3>\n\n\n\n<p>Eph 4:25, Eph 4:26-27, Eph 4:29, Eph 4:31-32,<br>Eph 5:3, Eph 5:11, Eph 5: 18-21, Eph 5: 22-33<\/p>\n\n\n\n<p>Verslinks von der YouVersion Bible App<\/p>\n\n\n\n<div class=\"wp-block-buttons is-layout-flex wp-block-buttons-is-layout-flex\">\n<div class=\"wp-block-button\"><a class=\"wp-block-button__link wp-element-button\" href=\"https:\/\/110cities.com\/wp-content\/uploads\/2022\/11\/Prayer-Walking-Scriptures-110-Cities.pdf\" target=\"_blank\" rel=\"noreferrer noopener\">PDF Herunterladen<\/a><\/div>\n<\/div>","protected":false},"excerpt":{"rendered":"<p>HERZENSVORBEREITUNG: \u00dcbergeben Sie Ihren Weg dem Herrn, bitten Sie den Geist um F\u00fchrung, h\u00fcllen Sie sich in Schutz \u2026<\/p>","protected":false},"author":19,"featured_media":0,"parent":0,"menu_order":0,"comment_status":"closed","ping_status":"closed","template":"","meta":{"_acf_changed":false,"footnotes":""},"class_list":["post-214","page","type-page","status-publish","hentry"],"acf":[],"ams_acf":[],"_links":{"self":[{"href":"https:\/\/110cities.com\/de\/wp-json\/wp\/v2\/pages\/214","targetHints":{"allow":["GET"]}}],"collection":[{"href":"https:\/\/110cities.com\/de\/wp-json\/wp\/v2\/pages"}],"about":[{"href":"https:\/\/110cities.com\/de\/wp-json\/wp\/v2\/types\/page"}],"author":[{"embeddable":true,"href":"https:\/\/110cities.com\/de\/wp-json\/wp\/v2\/users\/19"}],"replies":[{"embeddable":true,"href":"https:\/\/110cities.com\/de\/wp-json\/wp\/v2\/comments?post=214"}],"version-history":[{"count":18,"href":"https:\/\/110cities.com\/de\/wp-json\/wp\/v2\/pages\/214\/revisions"}],"predecessor-version":[{"id":3529,"href":"https:\/\/110cities.com\/de\/wp-json\/wp\/v2\/pages\/214\/revisions\/3529"}],"wp:attachment":[{"href":"https:\/\/110cities.com\/de\/wp-json\/wp\/v2\/media?parent=214"}],"curies":[{"name":"wp","href":"https:\/\/api.w.org\/{rel}","templated":true}]}}