{"id":4756,"date":"2026-02-16T17:13:47","date_gmt":"2026-02-16T10:13:47","guid":{"rendered":"https:\/\/110cities.com\/?page_id=4756"},"modified":"2026-02-17T11:35:10","modified_gmt":"2026-02-17T04:35:10","slug":"tsunami-worship-anthem","status":"publish","type":"page","link":"https:\/\/110cities.com\/af\/tsunami-worship-anthem\/","title":{"rendered":"Tsunami Aanbiddingslied"},"content":{"rendered":"<p>Kyk en sing saam met die &#039;Tsunami&#039; aanbiddingsliedvideo hier in Engels met onderskrifte vir vertalings, insluitend Arabies, Bahasa, Frans, Duits, Hindi, Koreaans, Mandaryns, Portugees, Russies en Spaans.<\/p>\n\n\n\n<p>Ses maande gelede by &#039;n aandete in Finland, <a href=\"https:\/\/www.instagram.com\/reel\/DUrBN0vDsnj\/\" target=\"_blank\" rel=\"noreferrer noopener\"><strong>Jason Hubbard<\/strong><\/a> het my gevra om vyf w\u00eareldwye lofliedere vir die 2026 W\u00eareldwye Gebedsdae te skryf en te vervaardig. Ons het die afgelope paar jaar saam gedien in die w\u00eareldwye Evangelie-vooruitgang na 2033.<\/p>\n\n\n\n<p>Jason se &#039;vrae&#039; was toevallig in ons 7de jaar na ons stigting.&nbsp;&nbsp;<a href=\"http:\/\/psalmistmission.org\/\" target=\"_blank\" rel=\"noopener\"><strong>Psalmis-sending<\/strong><\/a>, nadat hulle pas 121 aanbiddingsleiers\/musikante in opleiding en dissipelskap in Kaliforni\u00eb gegradueer het - van baie verskillende kulture van die w\u00eareld.<\/p>\n\n\n\n<p>5 dae tevore het ek pas die leierskap van ontmoet&nbsp;<strong><a href=\"https:\/\/www.youversion.com\/\" target=\"_blank\" rel=\"noopener\">YouVersion<\/a><\/strong>&nbsp;die globale Bybel-app wat ons ook na hierdie inisiatief kon nooi, net toe hulle die mylpaal van 1 miljard aflaaie bereik het.&nbsp;&nbsp;<\/p>\n\n\n\n<p>En nou<strong>&nbsp;op 17 Februarie<\/strong>, terwyl Boeddhiste regoor die w\u00eareld verligting soek oor die Chinese nuwe jaar, het Habakuk 2:14 die Bybelse brandstof geword wat die liedjieskryf van die aanbiddingslied wat ons vrystel, genaamd ..., bemagtig het.&nbsp;<strong><a href=\"https:\/\/distrokid.com\/hyperfollow\/jonshabaglian11\/tsunami-feat-psalmist-mission\" target=\"_blank\" rel=\"noopener\">\u201cTsunami\u201d<\/a>&nbsp;<\/strong>- dit&nbsp;<em>\u201cDie aarde sal vol wees met die kennis van die heerlikheid van die Here, soos die waters die seebodem oordek.\u201d<\/em>&nbsp;<\/p>\n\n\n\n<p>So het die Here Sy voorbidders en psalmdigters bymekaargemaak, met &#039;n w\u00eareldwye Skrif-enjin - almal saam in &#039;n verenigde werk saam in sleutelampte van die Liggaam van Christus, in die geloof vir die openbaring van die Seun van Verligting (Christus Jesus!) aan miljoene Boeddhiste op hierdie W\u00eareldwye Dag van Gebed en aanbidding!<\/p>\n\n\n\n<p>Sluit dus asseblief by ons aan in gebed en instemming soos hierdie oomblik in die geskiedenis op 17 Februarie aanbreek\u2026. Want die Here is nie gewillig dat enigiemand vergaan nie!<a href=\"https:\/\/ref.ly\/2%20Pet%203.9;esv?t=biblia\" target=\"_blank\" rel=\"noopener\">2 Petrus 3:9<\/a>)<\/p>\n\n\n\n<p><strong>Jon Shabaglian&nbsp;<\/strong><\/p>\n\n\n\n<p><a href=\"https:\/\/www.psalmistmission.com\/\" target=\"_blank\" rel=\"noreferrer noopener\"><strong>Psalmis-sending<\/strong><\/a><\/p>","protected":false},"excerpt":{"rendered":"<p>Kyk en sing saam met die &#039;Tsunami&#039; Aanbiddingslied-video hier in Engels met onderskrifte...<\/p>","protected":false},"author":3,"featured_media":4836,"parent":0,"menu_order":0,"comment_status":"closed","ping_status":"closed","template":"","meta":{"_acf_changed":false,"footnotes":""},"class_list":["post-4756","page","type-page","status-publish","has-post-thumbnail","hentry"],"acf":[],"ams_acf":[],"_links":{"self":[{"href":"https:\/\/110cities.com\/af\/wp-json\/wp\/v2\/pages\/4756","targetHints":{"allow":["GET"]}}],"collection":[{"href":"https:\/\/110cities.com\/af\/wp-json\/wp\/v2\/pages"}],"about":[{"href":"https:\/\/110cities.com\/af\/wp-json\/wp\/v2\/types\/page"}],"author":[{"embeddable":true,"href":"https:\/\/110cities.com\/af\/wp-json\/wp\/v2\/users\/3"}],"replies":[{"embeddable":true,"href":"https:\/\/110cities.com\/af\/wp-json\/wp\/v2\/comments?post=4756"}],"version-history":[{"count":2,"href":"https:\/\/110cities.com\/af\/wp-json\/wp\/v2\/pages\/4756\/revisions"}],"predecessor-version":[{"id":4837,"href":"https:\/\/110cities.com\/af\/wp-json\/wp\/v2\/pages\/4756\/revisions\/4837"}],"wp:featuredmedia":[{"embeddable":true,"href":"https:\/\/110cities.com\/af\/wp-json\/wp\/v2\/media\/4836"}],"wp:attachment":[{"href":"https:\/\/110cities.com\/af\/wp-json\/wp\/v2\/media?parent=4756"}],"curies":[{"name":"wp","href":"https:\/\/api.w.org\/{rel}","templated":true}]}}